{"id":12622,"date":"2022-04-07T11:10:28","date_gmt":"2022-04-07T07:10:28","guid":{"rendered":"https:\/\/explorenouzil.com\/?page_id=12622"},"modified":"2022-09-14T18:33:48","modified_gmt":"2022-09-14T14:33:48","slug":"tips-tricks","status":"publish","type":"page","link":"https:\/\/explorenouzil.com\/en\/blog\/tips-tricks\/","title":{"rendered":"Tips &#038; Tricks"},"content":{"rendered":"\t\t<div data-elementor-type=\"wp-post\" data-elementor-id=\"12622\" class=\"elementor elementor-12622 elementor-12621\" data-elementor-post-type=\"page\">\n\t\t\t\t\t\t<section class=\"elementor-section elementor-top-section elementor-element elementor-element-60cb737 elementor-section-stretched elementor-section-full_width elementor-section-height-default elementor-section-height-default\" data-id=\"60cb737\" data-element_type=\"section\" data-settings=\"{&quot;stretch_section&quot;:&quot;section-stretched&quot;,&quot;background_background&quot;:&quot;classic&quot;}\">\n\t\t\t\t\t\t<div class=\"elementor-container elementor-column-gap-default\">\n\t\t\t\t\t<div class=\"elementor-column elementor-col-100 elementor-top-column elementor-element elementor-element-9511ea5\" data-id=\"9511ea5\" data-element_type=\"column\">\n\t\t\t<div class=\"elementor-widget-wrap elementor-element-populated\">\n\t\t\t\t\t\t<div class=\"elementor-element elementor-element-20e8f6d elementor-widget elementor-widget-spacer\" data-id=\"20e8f6d\" data-element_type=\"widget\" data-widget_type=\"spacer.default\">\n\t\t\t\t<div class=\"elementor-widget-container\">\n\t\t\t\t\t<div class=\"elementor-spacer\">\n\t\t\t<div class=\"elementor-spacer-inner\"><\/div>\n\t\t<\/div>\n\t\t\t\t<\/div>\n\t\t\t\t<\/div>\n\t\t\t\t\t<\/div>\n\t\t<\/div>\n\t\t\t\t\t<\/div>\n\t\t<\/section>\n\t\t\t\t<section class=\"elementor-section elementor-top-section elementor-element elementor-element-f253ed8 elementor-section-boxed elementor-section-height-default elementor-section-height-default\" data-id=\"f253ed8\" data-element_type=\"section\">\n\t\t\t\t\t\t<div class=\"elementor-container elementor-column-gap-default\">\n\t\t\t\t\t<div class=\"elementor-column elementor-col-100 elementor-top-column elementor-element elementor-element-65f9350\" data-id=\"65f9350\" data-element_type=\"column\">\n\t\t\t<div class=\"elementor-widget-wrap elementor-element-populated\">\n\t\t\t\t\t\t<div class=\"elementor-element elementor-element-f16480c elementor-widget elementor-widget-heading\" data-id=\"f16480c\" data-element_type=\"widget\" data-widget_type=\"heading.default\">\n\t\t\t\t<div class=\"elementor-widget-container\">\n\t\t\t<h1 class=\"elementor-heading-title elementor-size-default\">Tips &amp; Tricks<\/h1>\t\t<\/div>\n\t\t\t\t<\/div>\n\t\t\t\t\t<\/div>\n\t\t<\/div>\n\t\t\t\t\t<\/div>\n\t\t<\/section>\n\t\t\t\t<section class=\"elementor-section elementor-top-section elementor-element elementor-element-5e0618d elementor-section-boxed elementor-section-height-default elementor-section-height-default\" data-id=\"5e0618d\" data-element_type=\"section\">\n\t\t\t\t\t\t<div class=\"elementor-container elementor-column-gap-default\">\n\t\t\t\t\t<div class=\"elementor-column elementor-col-100 elementor-top-column elementor-element elementor-element-0a458f3\" data-id=\"0a458f3\" data-element_type=\"column\">\n\t\t\t<div class=\"elementor-widget-wrap elementor-element-populated\">\n\t\t\t\t\t\t\t<\/div>\n\t\t<\/div>\n\t\t\t\t\t<\/div>\n\t\t<\/section>\n\t\t\t\t<section class=\"elementor-section elementor-top-section elementor-element elementor-element-8760cc7 elementor-section-stretched elementor-section-full_width elementor-section-height-default elementor-section-height-default\" data-id=\"8760cc7\" data-element_type=\"section\" data-settings=\"{&quot;stretch_section&quot;:&quot;section-stretched&quot;}\">\n\t\t\t\t\t\t<div class=\"elementor-container elementor-column-gap-default\">\n\t\t\t\t\t<div class=\"elementor-column elementor-col-100 elementor-top-column elementor-element elementor-element-d7a3a53\" data-id=\"d7a3a53\" data-element_type=\"column\">\n\t\t\t<div class=\"elementor-widget-wrap elementor-element-populated\">\n\t\t\t\t\t\t<div class=\"elementor-element elementor-element-83a0b5a flower_spacer3 elementor-widget elementor-widget-spacer\" data-id=\"83a0b5a\" data-element_type=\"widget\" data-widget_type=\"spacer.default\">\n\t\t\t\t<div class=\"elementor-widget-container\">\n\t\t\t\t\t<div class=\"elementor-spacer\">\n\t\t\t<div class=\"elementor-spacer-inner\"><\/div>\n\t\t<\/div>\n\t\t\t\t<\/div>\n\t\t\t\t<\/div>\n\t\t\t\t\t<\/div>\n\t\t<\/div>\n\t\t\t\t\t<\/div>\n\t\t<\/section>\n\t\t\t\t<\/div>\n\t\t","protected":false},"excerpt":{"rendered":"<p>Tips &amp; Tricks<\/p>\n","protected":false},"author":5,"featured_media":0,"parent":5607,"menu_order":0,"comment_status":"closed","ping_status":"closed","template":"","meta":{"_exactmetrics_skip_tracking":false,"_exactmetrics_sitenote_active":false,"_exactmetrics_sitenote_note":"","_exactmetrics_sitenote_category":0,"footnotes":""},"yoast_head":"<!-- This site is optimized with the Yoast SEO plugin v22.8 - https:\/\/yoast.com\/wordpress\/plugins\/seo\/ -->\n<title>D\u00e9couvrez nos Activit\u00e9s Terrestre Ile Maurice | Excursion Ile Maurice<\/title>\n<meta name=\"description\" content=\"Les activit\u00e9s et les excursions insolites en pleine nature \u00e0 Maurice sont nombreuses et celles que nous avons s\u00e9lectionn\u00e9es sont de r\u00e9elles d\u00e9couvertes.\" \/>\n<meta name=\"robots\" content=\"index, follow, max-snippet:-1, max-image-preview:large, max-video-preview:-1\" \/>\n<link rel=\"canonical\" href=\"https:\/\/explorenouzil.com\/blog\/conseils-astuces\/\" \/>\n<meta property=\"og:locale\" content=\"en_US\" \/>\n<meta property=\"og:type\" content=\"article\" \/>\n<meta property=\"og:title\" content=\"D\u00e9couvrez nos Activit\u00e9s Terrestre Ile Maurice | Excursion Ile Maurice\" \/>\n<meta property=\"og:description\" content=\"Les activit\u00e9s et les excursions insolites en pleine nature \u00e0 Maurice sont nombreuses et celles que nous avons s\u00e9lectionn\u00e9es sont de r\u00e9elles d\u00e9couvertes.\" \/>\n<meta property=\"og:url\" content=\"https:\/\/explorenouzil.com\/blog\/conseils-astuces\/\" \/>\n<meta property=\"og:site_name\" content=\"DunienZ\u00eel\" \/>\n<meta property=\"article:modified_time\" content=\"2022-09-14T14:33:48+00:00\" \/>\n<meta name=\"twitter:card\" content=\"summary_large_image\" \/>\n<meta name=\"twitter:label1\" content=\"Est. reading time\" \/>\n\t<meta name=\"twitter:data1\" content=\"1 minute\" \/>\n<script type=\"application\/ld+json\" class=\"yoast-schema-graph\">{\"@context\":\"https:\/\/schema.org\",\"@graph\":[{\"@type\":\"WebPage\",\"@id\":\"https:\/\/explorenouzil.com\/blog\/conseils-astuces\/\",\"url\":\"https:\/\/explorenouzil.com\/blog\/conseils-astuces\/\",\"name\":\"D\u00e9couvrez nos Activit\u00e9s Terrestre Ile Maurice | Excursion Ile Maurice\",\"isPartOf\":{\"@id\":\"https:\/\/explorenouzil.com\/#website\"},\"datePublished\":\"2022-04-07T07:10:28+00:00\",\"dateModified\":\"2022-09-14T14:33:48+00:00\",\"description\":\"Les activit\u00e9s et les excursions insolites en pleine nature \u00e0 Maurice sont nombreuses et celles que nous avons s\u00e9lectionn\u00e9es sont de r\u00e9elles d\u00e9couvertes.\",\"breadcrumb\":{\"@id\":\"https:\/\/explorenouzil.com\/blog\/conseils-astuces\/#breadcrumb\"},\"inLanguage\":\"en-US\",\"potentialAction\":[{\"@type\":\"ReadAction\",\"target\":[\"https:\/\/explorenouzil.com\/blog\/conseils-astuces\/\"]}]},{\"@type\":\"BreadcrumbList\",\"@id\":\"https:\/\/explorenouzil.com\/blog\/conseils-astuces\/#breadcrumb\",\"itemListElement\":[{\"@type\":\"ListItem\",\"position\":1,\"name\":\"Accueil\",\"item\":\"https:\/\/explorenouzil.com\/\"},{\"@type\":\"ListItem\",\"position\":2,\"name\":\"Main Blog Page\",\"item\":\"https:\/\/explorenouzil.com\/blog\/\"},{\"@type\":\"ListItem\",\"position\":3,\"name\":\"Tips &#038; Tricks\"}]},{\"@type\":\"WebSite\",\"@id\":\"https:\/\/explorenouzil.com\/#website\",\"url\":\"https:\/\/explorenouzil.com\/\",\"name\":\"DunienZ\u00eel\",\"description\":\"Mauritius with us!\",\"potentialAction\":[{\"@type\":\"SearchAction\",\"target\":{\"@type\":\"EntryPoint\",\"urlTemplate\":\"https:\/\/explorenouzil.com\/?s={search_term_string}\"},\"query-input\":\"required name=search_term_string\"}],\"inLanguage\":\"en-US\"}]}<\/script>\n<!-- \/ Yoast SEO plugin. -->","yoast_head_json":{"title":"D\u00e9couvrez nos Activit\u00e9s Terrestre Ile Maurice | Excursion Ile Maurice","description":"Les activit\u00e9s et les excursions insolites en pleine nature \u00e0 Maurice sont nombreuses et celles que nous avons s\u00e9lectionn\u00e9es sont de r\u00e9elles d\u00e9couvertes.","robots":{"index":"index","follow":"follow","max-snippet":"max-snippet:-1","max-image-preview":"max-image-preview:large","max-video-preview":"max-video-preview:-1"},"canonical":"https:\/\/explorenouzil.com\/blog\/conseils-astuces\/","og_locale":"en_US","og_type":"article","og_title":"D\u00e9couvrez nos Activit\u00e9s Terrestre Ile Maurice | Excursion Ile Maurice","og_description":"Les activit\u00e9s et les excursions insolites en pleine nature \u00e0 Maurice sont nombreuses et celles que nous avons s\u00e9lectionn\u00e9es sont de r\u00e9elles d\u00e9couvertes.","og_url":"https:\/\/explorenouzil.com\/blog\/conseils-astuces\/","og_site_name":"DunienZ\u00eel","article_modified_time":"2022-09-14T14:33:48+00:00","twitter_card":"summary_large_image","twitter_misc":{"Est. reading time":"1 minute"},"schema":{"@context":"https:\/\/schema.org","@graph":[{"@type":"WebPage","@id":"https:\/\/explorenouzil.com\/blog\/conseils-astuces\/","url":"https:\/\/explorenouzil.com\/blog\/conseils-astuces\/","name":"D\u00e9couvrez nos Activit\u00e9s Terrestre Ile Maurice | Excursion Ile Maurice","isPartOf":{"@id":"https:\/\/explorenouzil.com\/#website"},"datePublished":"2022-04-07T07:10:28+00:00","dateModified":"2022-09-14T14:33:48+00:00","description":"Les activit\u00e9s et les excursions insolites en pleine nature \u00e0 Maurice sont nombreuses et celles que nous avons s\u00e9lectionn\u00e9es sont de r\u00e9elles d\u00e9couvertes.","breadcrumb":{"@id":"https:\/\/explorenouzil.com\/blog\/conseils-astuces\/#breadcrumb"},"inLanguage":"en-US","potentialAction":[{"@type":"ReadAction","target":["https:\/\/explorenouzil.com\/blog\/conseils-astuces\/"]}]},{"@type":"BreadcrumbList","@id":"https:\/\/explorenouzil.com\/blog\/conseils-astuces\/#breadcrumb","itemListElement":[{"@type":"ListItem","position":1,"name":"Accueil","item":"https:\/\/explorenouzil.com\/"},{"@type":"ListItem","position":2,"name":"Main Blog Page","item":"https:\/\/explorenouzil.com\/blog\/"},{"@type":"ListItem","position":3,"name":"Tips &#038; Tricks"}]},{"@type":"WebSite","@id":"https:\/\/explorenouzil.com\/#website","url":"https:\/\/explorenouzil.com\/","name":"DunienZ\u00eel","description":"Mauritius with us!","potentialAction":[{"@type":"SearchAction","target":{"@type":"EntryPoint","urlTemplate":"https:\/\/explorenouzil.com\/?s={search_term_string}"},"query-input":"required name=search_term_string"}],"inLanguage":"en-US"}]}},"_links":{"self":[{"href":"https:\/\/explorenouzil.com\/en\/wp-json\/wp\/v2\/pages\/12622"}],"collection":[{"href":"https:\/\/explorenouzil.com\/en\/wp-json\/wp\/v2\/pages"}],"about":[{"href":"https:\/\/explorenouzil.com\/en\/wp-json\/wp\/v2\/types\/page"}],"author":[{"embeddable":true,"href":"https:\/\/explorenouzil.com\/en\/wp-json\/wp\/v2\/users\/5"}],"replies":[{"embeddable":true,"href":"https:\/\/explorenouzil.com\/en\/wp-json\/wp\/v2\/comments?post=12622"}],"version-history":[{"count":14,"href":"https:\/\/explorenouzil.com\/en\/wp-json\/wp\/v2\/pages\/12622\/revisions"}],"predecessor-version":[{"id":13253,"href":"https:\/\/explorenouzil.com\/en\/wp-json\/wp\/v2\/pages\/12622\/revisions\/13253"}],"up":[{"embeddable":true,"href":"https:\/\/explorenouzil.com\/en\/wp-json\/wp\/v2\/pages\/5607"}],"wp:attachment":[{"href":"https:\/\/explorenouzil.com\/en\/wp-json\/wp\/v2\/media?parent=12622"}],"curies":[{"name":"wp","href":"https:\/\/api.w.org\/{rel}","templated":true}]}}